{"id":29,"date":"2024-05-14T22:36:33","date_gmt":"2024-05-14T22:36:33","guid":{"rendered":"https:\/\/bau-fix.at\/?page_id=29"},"modified":"2025-04-12T14:10:22","modified_gmt":"2025-04-12T14:10:22","slug":"startseite","status":"publish","type":"page","link":"https:\/\/bau-fix.at\/","title":{"rendered":"Startseite"},"content":{"rendered":"\t\t<div data-elementor-type=\"wp-page\" data-elementor-id=\"29\" class=\"elementor elementor-29\" data-elementor-post-type=\"page\">\n\t\t\t\t<div class=\"elementor-element elementor-element-5e99762 e-con-full e-flex e-con e-parent\" data-id=\"5e99762\" data-element_type=\"container\" data-settings=\"{&quot;background_background&quot;:&quot;classic&quot;}\">\n\t\t<div class=\"elementor-element elementor-element-634a937 e-con-full e-flex e-con e-child\" data-id=\"634a937\" data-element_type=\"container\" data-settings=\"{&quot;background_background&quot;:&quot;classic&quot;}\">\n\t\t\t\t<div class=\"elementor-element elementor-element-e0c69dd elementor-widget elementor-widget-heading\" data-id=\"e0c69dd\" data-element_type=\"widget\" data-widget_type=\"heading.default\">\n\t\t\t\t<div class=\"elementor-widget-container\">\n\t\t\t<h1 class=\"elementor-heading-title elementor-size-default\">\u201eStrukturelle Beherrschung: Wo Qualit\u00e4t auf Engagement trifft\u201c<\/h1>\t\t<\/div>\n\t\t\t\t<\/div>\n\t\t\t\t<div class=\"elementor-element elementor-element-30c2296 elementor-widget elementor-widget-heading\" data-id=\"30c2296\" data-element_type=\"widget\" data-widget_type=\"heading.default\">\n\t\t\t\t<div class=\"elementor-widget-container\">\n\t\t\t<h1 class=\"elementor-heading-title elementor-size-default\">BAUFIX<\/h1>\t\t<\/div>\n\t\t\t\t<\/div>\n\t\t\t\t<div class=\"elementor-element elementor-element-1d14499 elementor-widget elementor-widget-heading\" data-id=\"1d14499\" data-element_type=\"widget\" data-widget_type=\"heading.default\">\n\t\t\t\t<div class=\"elementor-widget-container\">\n\t\t\t<h2 class=\"elementor-heading-title elementor-size-default\">Exzellenz aufbauen, Vertrauen aufbauen.\n<br><span style=\"color: #fff\"><br><strong>Mehr als nur Bauen.<\/strong><\/h2>\t\t<\/div>\n\t\t\t\t<\/div>\n\t\t\t\t<\/div>\n\t\t\t\t<\/div>\n\t\t<div class=\"elementor-element elementor-element-5d5260c e-con-full e-flex e-con e-parent\" data-id=\"5d5260c\" data-element_type=\"container\" id=\"Uber-uns\">\n\t\t<div class=\"elementor-element elementor-element-fd21c7c e-flex e-con-boxed e-con e-child\" data-id=\"fd21c7c\" data-element_type=\"container\">\n\t\t\t\t\t<div class=\"e-con-inner\">\n\t\t\t\t<div class=\"elementor-element elementor-element-429af5c elementor-widget__width-inherit elementor-widget elementor-widget-heading\" data-id=\"429af5c\" data-element_type=\"widget\" data-widget_type=\"heading.default\">\n\t\t\t\t<div class=\"elementor-widget-container\">\n\t\t\t<h2 class=\"elementor-heading-title elementor-size-default\">\u00dcber Uns<\/h2>\t\t<\/div>\n\t\t\t\t<\/div>\n\t\t\t\t\t<\/div>\n\t\t\t\t<\/div>\n\t\t\t\t<div class=\"elementor-element elementor-element-aff3602 elementor-widget elementor-widget-heading\" data-id=\"aff3602\" data-element_type=\"widget\" data-widget_type=\"heading.default\">\n\t\t\t\t<div class=\"elementor-widget-container\">\n\t\t\t<h2 class=\"elementor-heading-title elementor-size-default\">Erfahren Sie mehr <span style=\"color: #5C5A5B\"> \u00dcber Uns<\/span><\/h2>\t\t<\/div>\n\t\t\t\t<\/div>\n\t\t\t\t<\/div>\n\t\t<div class=\"elementor-element elementor-element-f8e681a e-flex e-con-boxed e-con e-parent\" data-id=\"f8e681a\" data-element_type=\"container\">\n\t\t\t\t\t<div class=\"e-con-inner\">\n\t\t<div class=\"elementor-element elementor-element-d6bf422 e-con-full e-flex e-con e-child\" data-id=\"d6bf422\" data-element_type=\"container\">\n\t\t\t\t<div class=\"elementor-element elementor-element-9b54076 elementor-widget elementor-widget-text-editor\" data-id=\"9b54076\" data-element_type=\"widget\" data-widget_type=\"text-editor.default\">\n\t\t\t\t<div class=\"elementor-widget-container\">\n\t\t\t\t\t\t\t<p class=\"p1\">Die <span class=\"s1\"><b>Baufix GmbH<\/b><\/span> wurde im April 2023 gegr\u00fcndet und ist vorrangig in <span class=\"s1\"><b>Salzburg, Tirol und Vorarlberg<\/b><\/span> t\u00e4tig.<\/p><p class=\"p1\">Inhaber und gesetzlicher Vertreter ist <span class=\"s1\"><b>Herr Agim Ibusoski<\/b><\/span>, der \u00fcber langj\u00e4hrige Erfahrung in der Baubranche verf\u00fcgt.<\/p><p class=\"p1\">Als zuverl\u00e4ssiger Partner und Ansprechpartner f\u00fcr s\u00e4mtliche Anliegen rund um Ihr Bauvorhaben stehen wir Ihnen gerne zur Seite.<\/p><p class=\"p3\"><span class=\"s2\">Wir bieten <\/span><b>fachlich qualifizierte Leistungen<\/b><span class=\"s2\"> in den Bereichen <\/span><b>Maurer-, Beton- und Verputzarbeiten<\/b><span class=\"s2\">, sowie damit verbundene T\u00e4tigkeiten im <\/span><b>Erdbau<\/b><span class=\"s2\">, wie beispielsweise <\/span><b>Verschalungsarbeiten<\/b><span class=\"s2\">.<\/span><\/p><p class=\"p1\">Dank unseres professionellen Teams sind wir in der Lage, Bauprojekte effizient, fachgerecht und termintreu umzusetzen.<\/p><p class=\"p1\">Zu unseren zufriedenen Kunden z\u00e4hlen unter anderem:<\/p><p class=\"p3\"><b>Rhomberg Bau GmbH, Zimmermann Bau GmbH, I+R Schertler Bau GmbH, Buchauer &amp; Strasser, AT Thurner Bau, Pfurtscheller Hoch- und Tiefbau GmbH, A. Gobber Bau GmbH, Reich Bau GmbH, Baum. Moosbrugger, W&amp;S Baumanagement GmbH<\/b><span class=\"s2\"> u.v.m.<\/span><\/p><p class=\"p1\">Wir setzen die Anspr\u00fcche unserer Kunden <span class=\"s1\"><b>verl\u00e4sslich und erfolgreich<\/b><\/span> um.<\/p>\t\t\t\t\t\t<\/div>\n\t\t\t\t<\/div>\n\t\t\t\t<\/div>\n\t\t<div class=\"elementor-element elementor-element-bb07038 e-con-full e-flex e-con e-child\" data-id=\"bb07038\" data-element_type=\"container\" data-settings=\"{&quot;background_background&quot;:&quot;classic&quot;}\">\n\t\t\t\t<\/div>\n\t\t\t\t\t<\/div>\n\t\t\t\t<\/div>\n\t\t<div class=\"elementor-element elementor-element-4a9de71 e-flex e-con-boxed e-con e-parent\" data-id=\"4a9de71\" data-element_type=\"container\" id=\"Dienstleistung\">\n\t\t\t\t\t<div class=\"e-con-inner\">\n\t\t\t\t<div class=\"elementor-element elementor-element-8624172 elementor-widget__width-inherit elementor-widget elementor-widget-heading\" data-id=\"8624172\" data-element_type=\"widget\" data-widget_type=\"heading.default\">\n\t\t\t\t<div class=\"elementor-widget-container\">\n\t\t\t<h2 class=\"elementor-heading-title elementor-size-default\">Dienstleistung<\/h2>\t\t<\/div>\n\t\t\t\t<\/div>\n\t\t\t\t<div class=\"elementor-element elementor-element-e02774d elementor-widget elementor-widget-text-editor\" data-id=\"e02774d\" data-element_type=\"widget\" data-widget_type=\"text-editor.default\">\n\t\t\t\t<div class=\"elementor-widget-container\">\n\t\t\t\t\t\t\t<p class=\"p1\" style=\"text-align: center;\"><b>Unsere Verpflichtung zur Qualit\u00e4t \u2013 Ihr Vorteil bei jedem Bauvorhaben<\/b><b><\/b><\/p><p class=\"p3\" style=\"text-align: center;\">Unsere <span class=\"s1\"><b>Schalungs- und Maurerarbeiten<\/b><\/span> zeichnen sich durch h\u00f6chste Qualit\u00e4t, Pr\u00e4zision und Zuverl\u00e4ssigkeit aus. In jedem unserer Projekte spiegelt sich unser Anspruch an exzellente Handwerkskunst wider.\u00a0<span class=\"s1\" style=\"font-size: 1rem;\"><b>Individuelle Schalungsl\u00f6sungen<\/b><\/span><span style=\"font-size: 1rem;\"> werden aus hochwertigen Materialien gefertigt und mit gr\u00f6\u00dfter Sorgfalt installiert. Unsere erfahrenen Maurer sind bekannt f\u00fcr ihre <\/span><span class=\"s1\" style=\"font-size: 1rem;\"><b>pr\u00e4zise Ausf\u00fchrung<\/b><\/span><span style=\"font-size: 1rem;\"> sowie f\u00fcr <\/span><span class=\"s1\" style=\"font-size: 1rem;\"><b>kompetente Reparatur- und Renovierungsarbeiten<\/b><\/span><span style=\"font-size: 1rem;\">.\u00a0<\/span><span class=\"s1\" style=\"font-size: 1rem;\"><b>Qualit\u00e4tssicherung<\/b><\/span><span style=\"font-size: 1rem;\"> hat bei uns oberste Priorit\u00e4t \u2013 denn <\/span><span class=\"s1\" style=\"font-size: 1rem;\"><b>Ihre Zufriedenheit<\/b><\/span><span style=\"font-size: 1rem;\"> und der <\/span><span class=\"s1\" style=\"font-size: 1rem;\"><b>erfolgreiche Abschluss Ihres Bauprojekts<\/b><\/span><span style=\"font-size: 1rem;\"> stehen f\u00fcr uns an erster Stelle.\u00a0<\/span><span style=\"font-size: 1rem;\">Kontaktieren Sie uns gerne, um mehr \u00fcber unsere <\/span><span class=\"s1\" style=\"font-size: 1rem;\"><b>ma\u00dfgeschneiderten Leistungen<\/b><\/span><span style=\"font-size: 1rem;\"> zu erfahren \u2013\u00a0<br \/><\/span><span style=\"font-size: 1rem;\">wir unterst\u00fctzen Sie zuverl\u00e4ssig und kompetent bei der Umsetzung Ihrer Bauprojekte.<\/span><\/p>\t\t\t\t\t\t<\/div>\n\t\t\t\t<\/div>\n\t\t\t\t\t<\/div>\n\t\t\t\t<\/div>\n\t\t<div class=\"elementor-element elementor-element-7500092 e-flex e-con-boxed e-con e-parent\" data-id=\"7500092\" data-element_type=\"container\">\n\t\t\t\t\t<div class=\"e-con-inner\">\n\t\t<div class=\"elementor-element elementor-element-e1b28d2 e-con-full e-flex e-con e-child\" data-id=\"e1b28d2\" data-element_type=\"container\">\n\t\t\t\t<div class=\"elementor-element elementor-element-a4e74b6 pp-info-list-icon-vertical-top pp-info-list-icon-left elementor-widget elementor-widget-pp-info-list\" data-id=\"a4e74b6\" data-element_type=\"widget\" data-widget_type=\"pp-info-list.default\">\n\t\t\t\t<div class=\"elementor-widget-container\">\n\t\t\t\t\t<div class=\"pp-info-list-container pp-list-container pp-info-list-connector\">\n\t\t\t<ul class=\"pp-list-items\">\n\t\t\t\t\t\t\t\t\t\t\t\t\t\t\t<li class=\"pp-info-list-item\">\n\t\t\t\t\t\t\t<div class=\"pp-info-list-item-inner\">\n\t\t\t\t\t\t\t\t\t\t<div class=\"pp-infolist-icon-wrapper\">\n\t\t\t\t\t\t\t\t\t\t<span class=\"pp-info-list-image \"><img decoding=\"async\" src=\"https:\/\/bau-fix.at\/wp-content\/uploads\/2024\/05\/icons8-brick-wall-96.jpeg\" alt=\"icons8-brick-wall\"><\/span>\n\t\t\t\t\t\t\t\t\t<\/div>\n\t\t\t\t\t\t\t\t\t\t<div class=\"pp-infolist-content-wrapper\">\n\t\t\t\t\t\t\t\t\t\t\t\t\t\t\t\t\t\t\t\t\t\t\t\t\t<div class=\"pp-info-list-title\">\n\t\t\t\t\t\t\t\t\t\t\t\t\t\t\t\t\t\t\tTop-Kompetenz\t\t\t\t\t\t\t\t\t\t\t\t\t\t\t\t\t\t<\/div>\n\t\t\t\t\t\t\t\t\t\t\t\t\t\t\t\t\t\t\t\t\t\t\t\t\t<div class=\"pp-info-list-description\">\n\t\t\t\t\t\t\t\t\t\t Unser frisches Bauteam wird von einer Gruppe branchenf\u00fchrender Experten mit tiefgreifendem Fachwissen und kreativer Denkweise gef\u00fchrt.\t\t\t\t\t\t\t\t\t<\/div>\n\t\t\t\t\t\t\t\t\t\t\t\t\t\t\t\t\t\t\t\t\t\t\t\t\t\t\t\t\t\t\t\t<\/div>\n\t\t\t\t\t\t\t<\/div>\n\t\t\t\t\t\t<\/li>\n\t\t\t\t\t\t\t\t\t\t\t\t\t\t\t\t\t\t\t\t\t<li class=\"pp-info-list-item\">\n\t\t\t\t\t\t\t<div class=\"pp-info-list-item-inner\">\n\t\t\t\t\t\t\t\t\t\t<div class=\"pp-infolist-icon-wrapper\">\n\t\t\t\t\t\t\t\t\t\t<span class=\"pp-info-list-image \"><img decoding=\"async\" src=\"https:\/\/bau-fix.at\/wp-content\/uploads\/2024\/05\/icons8-brick-wall-96.jpeg\" alt=\"icons8-brick-wall\"><\/span>\n\t\t\t\t\t\t\t\t\t<\/div>\n\t\t\t\t\t\t\t\t\t\t<div class=\"pp-infolist-content-wrapper\">\n\t\t\t\t\t\t\t\t\t\t\t\t\t\t\t\t\t\t\t\t\t\t\t\t\t<div class=\"pp-info-list-title\">\n\t\t\t\t\t\t\t\t\t\t\t\t\t\t\t\t\t\t\tKundenfokussierter Ansatz\t\t\t\t\t\t\t\t\t\t\t\t\t\t\t\t\t\t<\/div>\n\t\t\t\t\t\t\t\t\t\t\t\t\t\t\t\t\t\t\t\t\t\t\t\t\t<div class=\"pp-info-list-description\">\n\t\t\t\t\t\t\t\t\t\tWir legen Wert auf transparente Kommunikation und Flexibilit\u00e4t, um jedes Projekt gem\u00e4ss der individuellen Vision unserer Kunden zu gestalten.\t\t\t\t\t\t\t\t\t<\/div>\n\t\t\t\t\t\t\t\t\t\t\t\t\t\t\t\t\t\t\t\t\t\t\t\t\t\t\t\t\t\t\t\t<\/div>\n\t\t\t\t\t\t\t<\/div>\n\t\t\t\t\t\t<\/li>\n\t\t\t\t\t\t\t\t\t\t\t\t\t\t\t\t\t\t\t\t\t<li class=\"pp-info-list-item\">\n\t\t\t\t\t\t\t<div class=\"pp-info-list-item-inner\">\n\t\t\t\t\t\t\t\t\t\t<div class=\"pp-infolist-icon-wrapper\">\n\t\t\t\t\t\t\t\t\t\t<span class=\"pp-info-list-image \"><img decoding=\"async\" src=\"https:\/\/bau-fix.at\/wp-content\/uploads\/2024\/05\/icons8-brick-wall-96.jpeg\" alt=\"icons8-brick-wall\"><\/span>\n\t\t\t\t\t\t\t\t\t<\/div>\n\t\t\t\t\t\t\t\t\t\t<div class=\"pp-infolist-content-wrapper\">\n\t\t\t\t\t\t\t\t\t\t\t\t\t\t\t\t\t\t\t\t\t\t\t\t\t<div class=\"pp-info-list-title\">\n\t\t\t\t\t\t\t\t\t\t\t\t\t\t\t\t\t\t\tUnvergleichliche Qualit\u00e4t\t\t\t\t\t\t\t\t\t\t\t\t\t\t\t\t\t\t<\/div>\n\t\t\t\t\t\t\t\t\t\t\t\t\t\t\t\t\t\t\t\t\t\t\t\t\t<div class=\"pp-info-list-description\">\n\t\t\t\t\t\t\t\t\t\tUnsere unbeirrbare Hingabe zur Perfektion spiegelt sich in jedem Aspekt wider. Wir versprechen, dass jede von uns errichtete Struktur ein herausragendes Beispiel unserer Handwerkskunst ist.\t\t\t\t\t\t\t\t\t<\/div>\n\t\t\t\t\t\t\t\t\t\t\t\t\t\t\t\t\t\t\t\t\t\t\t\t\t\t\t\t\t\t\t\t<\/div>\n\t\t\t\t\t\t\t<\/div>\n\t\t\t\t\t\t<\/li>\n\t\t\t\t\t\t\t\t\t\t\t\t\t<\/ul>\n\t\t<\/div>\n\t\t\t\t<\/div>\n\t\t\t\t<\/div>\n\t\t\t\t<\/div>\n\t\t\t\t\t<\/div>\n\t\t\t\t<\/div>\n\t\t<div class=\"elementor-element elementor-element-75f5f62 e-flex e-con-boxed e-con e-parent\" data-id=\"75f5f62\" data-element_type=\"container\">\n\t\t\t\t\t<div class=\"e-con-inner\">\n\t\t\t\t<div class=\"elementor-element elementor-element-1819999 elementor-widget__width-inherit elementor-widget elementor-widget-heading\" data-id=\"1819999\" data-element_type=\"widget\" data-widget_type=\"heading.default\">\n\t\t\t\t<div class=\"elementor-widget-container\">\n\t\t\t<h2 class=\"elementor-heading-title elementor-size-default\">Kontakt<\/h2>\t\t<\/div>\n\t\t\t\t<\/div>\n\t\t\t\t\t<\/div>\n\t\t\t\t<\/div>\n\t\t<div class=\"elementor-element elementor-element-5a02270 e-flex e-con-boxed e-con e-parent\" data-id=\"5a02270\" data-element_type=\"container\" data-settings=\"{&quot;background_background&quot;:&quot;classic&quot;}\">\n\t\t\t\t\t<div class=\"e-con-inner\">\n\t\t<div class=\"elementor-element elementor-element-8c602e2 e-con-full e-flex e-con e-child\" data-id=\"8c602e2\" data-element_type=\"container\" id=\"Kontakt\">\n\t\t\t\t<div class=\"elementor-element elementor-element-9a27121 elementor-widget elementor-widget-heading\" data-id=\"9a27121\" data-element_type=\"widget\" data-widget_type=\"heading.default\">\n\t\t\t\t<div class=\"elementor-widget-container\">\n\t\t\t<h2 class=\"elementor-heading-title elementor-size-default\">hABEN SIE FRAGEN?<span style=\"color: #5A5B5C\"><br \/>KONTAKTIEREN SIE UNS<\/span><\/h2>\t\t<\/div>\n\t\t\t\t<\/div>\n\t\t\t\t<div class=\"elementor-element elementor-element-d171d2a elementor-widget elementor-widget-heading\" data-id=\"d171d2a\" data-element_type=\"widget\" data-widget_type=\"heading.default\">\n\t\t\t\t<div class=\"elementor-widget-container\">\n\t\t\t<h2 class=\"elementor-heading-title elementor-size-default\">BAUFIX<\/h2>\t\t<\/div>\n\t\t\t\t<\/div>\n\t\t\t\t<div class=\"elementor-element elementor-element-94ada1b elementor-widget__width-initial elementor-widget-mobile__width-inherit elementor-widget elementor-widget-text-editor\" data-id=\"94ada1b\" data-element_type=\"widget\" data-widget_type=\"text-editor.default\">\n\t\t\t\t<div class=\"elementor-widget-container\">\n\t\t\t\t\t\t\t<p><span style=\"color: #5c5a5b;\"><a style=\"color: #5c5a5b;\" href=\"http:\/\/+43 676 41 645 05\" data-wplink-url-error=\"true\">+43 676 41 645 05<\/a><\/span><\/p><p><span style=\"color: #5c5a5b;\"><a style=\"color: #5c5a5b;\" href=\"mailto:info@bau-fix.at\">info@bau-fix.at<\/a><\/span><\/p><p><span style=\"color: #5c5a5b;\"><a style=\"color: #5c5a5b;\" href=\"mailto:agim@bau-fix.at\">agim@bau-fix.at<\/a><\/span><\/p>\t\t\t\t\t\t<\/div>\n\t\t\t\t<\/div>\n\t\t\t\t<\/div>\n\t\t<div class=\"elementor-element elementor-element-b8900df e-con-full e-flex e-con e-child\" data-id=\"b8900df\" data-element_type=\"container\" data-settings=\"{&quot;background_background&quot;:&quot;classic&quot;}\">\n\t\t\t\t<div class=\"elementor-element elementor-element-22babe1 elementor-widget__width-initial elementor-widget elementor-widget-heading\" data-id=\"22babe1\" data-element_type=\"widget\" data-widget_type=\"heading.default\">\n\t\t\t\t<div class=\"elementor-widget-container\">\n\t\t\t<h2 class=\"elementor-heading-title elementor-size-default\">Kontaktformular<\/h2>\t\t<\/div>\n\t\t\t\t<\/div>\n\t\t\t\t<div class=\"elementor-element elementor-element-6e008fe elementor-button-align-stretch elementor-widget elementor-widget-form\" data-id=\"6e008fe\" data-element_type=\"widget\" data-settings=\"{&quot;step_next_label&quot;:&quot;Next&quot;,&quot;step_previous_label&quot;:&quot;Previous&quot;,&quot;button_width&quot;:&quot;100&quot;,&quot;step_type&quot;:&quot;number_text&quot;,&quot;step_icon_shape&quot;:&quot;circle&quot;}\" data-widget_type=\"form.default\">\n\t\t\t\t<div class=\"elementor-widget-container\">\n\t\t\t\t\t<form class=\"elementor-form\" method=\"post\" name=\"New Form\">\n\t\t\t<input type=\"hidden\" name=\"post_id\" value=\"29\"\/>\n\t\t\t<input type=\"hidden\" name=\"form_id\" value=\"6e008fe\"\/>\n\t\t\t<input type=\"hidden\" name=\"referer_title\" value=\"\" \/>\n\n\t\t\t\n\t\t\t<div class=\"elementor-form-fields-wrapper elementor-labels-\">\n\t\t\t\t\t\t\t\t<div class=\"elementor-field-type-text elementor-field-group elementor-column elementor-field-group-name elementor-col-100 elementor-field-required\">\n\t\t\t\t\t\t\t\t\t\t\t\t<label for=\"form-field-name\" class=\"elementor-field-label elementor-screen-only\">\n\t\t\t\t\t\t\t\tName\t\t\t\t\t\t\t<\/label>\n\t\t\t\t\t\t\t\t\t\t\t\t\t\t<input size=\"1\" type=\"text\" name=\"form_fields[name]\" id=\"form-field-name\" class=\"elementor-field elementor-size-sm  elementor-field-textual\" placeholder=\"Vorname &amp; Nachname\" required=\"required\" aria-required=\"true\">\n\t\t\t\t\t\t\t\t\t\t\t<\/div>\n\t\t\t\t\t\t\t\t<div class=\"elementor-field-type-email elementor-field-group elementor-column elementor-field-group-email elementor-col-100 elementor-field-required\">\n\t\t\t\t\t\t\t\t\t\t\t\t<label for=\"form-field-email\" class=\"elementor-field-label elementor-screen-only\">\n\t\t\t\t\t\t\t\tEmail\t\t\t\t\t\t\t<\/label>\n\t\t\t\t\t\t\t\t\t\t\t\t\t\t<input size=\"1\" type=\"email\" name=\"form_fields[email]\" id=\"form-field-email\" class=\"elementor-field elementor-size-sm  elementor-field-textual\" placeholder=\"Email\" required=\"required\" aria-required=\"true\">\n\t\t\t\t\t\t\t\t\t\t\t<\/div>\n\t\t\t\t\t\t\t\t<div class=\"elementor-field-type-tel elementor-field-group elementor-column elementor-field-group-field_ae28836 elementor-col-100 elementor-field-required\">\n\t\t\t\t\t\t\t\t\t\t\t\t<label for=\"form-field-field_ae28836\" class=\"elementor-field-label elementor-screen-only\">\n\t\t\t\t\t\t\t\tTel\t\t\t\t\t\t\t<\/label>\n\t\t\t\t\t\t\t\t<input size=\"1\" type=\"tel\" name=\"form_fields[field_ae28836]\" id=\"form-field-field_ae28836\" class=\"elementor-field elementor-size-sm  elementor-field-textual\" placeholder=\"Telefon Nmr.\" required=\"required\" aria-required=\"true\" pattern=\"[0-9()#&amp;+*-=.]+\" title=\"Only numbers and phone characters (#, -, *, etc) are accepted.\">\n\n\t\t\t\t\t\t<\/div>\n\t\t\t\t\t\t\t\t<div class=\"elementor-field-type-textarea elementor-field-group elementor-column elementor-field-group-message elementor-col-100 elementor-field-required\">\n\t\t\t\t\t\t\t\t\t\t\t\t<label for=\"form-field-message\" class=\"elementor-field-label elementor-screen-only\">\n\t\t\t\t\t\t\t\tNachricht\t\t\t\t\t\t\t<\/label>\n\t\t\t\t\t\t<textarea class=\"elementor-field-textual elementor-field  elementor-size-sm\" name=\"form_fields[message]\" id=\"form-field-message\" rows=\"4\" placeholder=\"Nachricht\" required=\"required\" aria-required=\"true\"><\/textarea>\t\t\t\t<\/div>\n\t\t\t\t\t\t\t\t<div class=\"elementor-field-group elementor-column elementor-field-type-submit elementor-col-100 e-form__buttons\">\n\t\t\t\t\t<button type=\"submit\" class=\"elementor-button elementor-size-sm\">\n\t\t\t\t\t\t<span >\n\t\t\t\t\t\t\t\t\t\t\t\t\t\t\t<span class=\" elementor-button-icon\">\n\t\t\t\t\t\t\t\t\t\t\t\t\t\t\t\t\t\t\t\t\t\t\t\t\t\t<\/span>\n\t\t\t\t\t\t\t\t\t\t\t\t\t\t\t\t\t\t\t\t\t\t<span class=\"elementor-button-text\">Senden<\/span>\n\t\t\t\t\t\t\t\t\t\t\t\t\t<\/span>\n\t\t\t\t\t<\/button>\n\t\t\t\t<\/div>\n\t\t\t<\/div>\n\t\t<\/form>\n\t\t\t\t<\/div>\n\t\t\t\t<\/div>\n\t\t\t\t<\/div>\n\t\t\t\t\t<\/div>\n\t\t\t\t<\/div>\n\t\t\t\t<\/div>\n\t\t","protected":false},"excerpt":{"rendered":"<p>\u201eStrukturelle Beherrschung: Wo Qualit\u00e4t auf Engagement trifft\u201c BAUFIX Exzellenz aufbauen, Vertrauen aufbauen. Mehr als nur Bauen. \u00dcber Uns Erfahren Sie mehr \u00dcber Uns Die Baufix GmbH wurde im April 2023 gegr\u00fcndet und ist vorrangig in Salzburg, Tirol und Vorarlberg t\u00e4tig. Inhaber und gesetzlicher Vertreter ist Herr Agim Ibusoski, der \u00fcber langj\u00e4hrige Erfahrung in der Baubranche [&hellip;]<\/p>\n","protected":false},"author":1,"featured_media":0,"parent":0,"menu_order":0,"comment_status":"closed","ping_status":"closed","template":"elementor_header_footer","meta":{"footnotes":""},"class_list":["post-29","page","type-page","status-publish","hentry"],"_links":{"self":[{"href":"https:\/\/bau-fix.at\/index.php?rest_route=\/wp\/v2\/pages\/29","targetHints":{"allow":["GET"]}}],"collection":[{"href":"https:\/\/bau-fix.at\/index.php?rest_route=\/wp\/v2\/pages"}],"about":[{"href":"https:\/\/bau-fix.at\/index.php?rest_route=\/wp\/v2\/types\/page"}],"author":[{"embeddable":true,"href":"https:\/\/bau-fix.at\/index.php?rest_route=\/wp\/v2\/users\/1"}],"replies":[{"embeddable":true,"href":"https:\/\/bau-fix.at\/index.php?rest_route=%2Fwp%2Fv2%2Fcomments&post=29"}],"version-history":[{"count":168,"href":"https:\/\/bau-fix.at\/index.php?rest_route=\/wp\/v2\/pages\/29\/revisions"}],"predecessor-version":[{"id":699,"href":"https:\/\/bau-fix.at\/index.php?rest_route=\/wp\/v2\/pages\/29\/revisions\/699"}],"wp:attachment":[{"href":"https:\/\/bau-fix.at\/index.php?rest_route=%2Fwp%2Fv2%2Fmedia&parent=29"}],"curies":[{"name":"wp","href":"https:\/\/api.w.org\/{rel}","templated":true}]}}